{"id":16414,"date":"2025-10-17T15:49:26","date_gmt":"2025-10-17T14:49:26","guid":{"rendered":"https:\/\/seliztrans.es\/?page_id=16414"},"modified":"2025-11-11T15:00:46","modified_gmt":"2025-11-11T15:00:46","slug":"transport","status":"publish","type":"page","link":"https:\/\/seliztrans.es\/ua\/transport\/","title":{"rendered":"\u041f\u0430\u0441\u0430\u0436\u0438\u0440\u043e\u043f\u0435\u0440\u0435\u0432\u0435\u0437\u0435\u043d\u043d\u044f"},"content":{"rendered":"<div class=\"wp-block-group alignfull has-global-padding is-layout-constrained wp-block-group-is-layout-constrained\" style=\"padding-top:var(--wp--preset--spacing--bbe-150);padding-bottom:var(--wp--preset--spacing--bbe-150)\">\n<div class=\"wp-block-group alignwide is-content-justification-space-between is-nowrap is-layout-flex wp-container-core-group-is-layout-ec0accbf wp-block-group-is-layout-flex dt-cr-1\">\n<div class=\"wp-block-group wp-container-content-0733e5d0 is-vertical is-content-justification-stretch is-layout-flex wp-container-core-group-is-layout-b2997ee7 wp-block-group-is-layout-flex\">\n<figure class=\"wp-block-image size-full is-style-default\"><img fetchpriority=\"high\" decoding=\"async\" width=\"2560\" height=\"1704\" src=\"https:\/\/seliztrans.es\/wp-content\/uploads\/2025\/10\/annie-spratt-tG822f1XzT4-unsplash-scaled.jpg\" alt=\"\" class=\"wp-image-16445\" style=\"aspect-ratio:1;object-fit:cover\" srcset=\"https:\/\/seliztrans.es\/wp-content\/uploads\/2025\/10\/annie-spratt-tG822f1XzT4-unsplash-scaled.jpg 2560w, https:\/\/seliztrans.es\/wp-content\/uploads\/2025\/10\/annie-spratt-tG822f1XzT4-unsplash-300x200.jpg 300w, https:\/\/seliztrans.es\/wp-content\/uploads\/2025\/10\/annie-spratt-tG822f1XzT4-unsplash-1024x682.jpg 1024w, https:\/\/seliztrans.es\/wp-content\/uploads\/2025\/10\/annie-spratt-tG822f1XzT4-unsplash-768x511.jpg 768w, https:\/\/seliztrans.es\/wp-content\/uploads\/2025\/10\/annie-spratt-tG822f1XzT4-unsplash-1536x1022.jpg 1536w, https:\/\/seliztrans.es\/wp-content\/uploads\/2025\/10\/annie-spratt-tG822f1XzT4-unsplash-2048x1363.jpg 2048w, https:\/\/seliztrans.es\/wp-content\/uploads\/2025\/10\/annie-spratt-tG822f1XzT4-unsplash-18x12.jpg 18w\" sizes=\"(max-width: 2560px) 100vw, 2560px\" \/><\/figure>\n<\/div>\n\n\n\n<div class=\"wp-block-group wp-container-content-0733e5d0 is-vertical is-content-justification-stretch is-layout-flex wp-container-core-group-is-layout-44157424 wp-block-group-is-layout-flex\">\n<div class=\"wp-block-group is-layout-flow wp-container-core-group-is-layout-13c50d73 wp-block-group-is-layout-flow\">\n<h2 class=\"wp-block-heading has-bbe-primary-700-color has-text-color has-link-color has-bbe-large-font-size wp-elements-46f02e3a71545343ed71428e1ec99097\" style=\"font-style:normal;font-weight:500;letter-spacing:0.02em;text-transform:uppercase\">\u041f\u0430\u0441\u0430\u0436\u0438\u0440\u043e\u043f\u0435\u0440\u0435\u0432\u0435\u0437\u0435\u043d\u043d\u044f<\/h2>\n\n\n\n<h2 class=\"wp-block-heading has-bbe-title-2-font-size\">\u041a\u043e\u043c\u0444\u043e\u0440\u0442 \u0456 \u043d\u0430\u0434\u0456\u0439\u043d\u0456\u0441\u0442\u044c<\/h2>\n\n\n\n<div class=\"wp-block-group has-global-padding is-layout-constrained wp-block-group-is-layout-constrained\">\n<p>\u0429\u043e\u043d\u0435\u0434\u0456\u043b\u0456 \u0437\u0434\u0456\u0439\u0441\u043d\u044e\u0454\u0442\u044c\u0441\u044f \u043f\u0430\u0441\u0430\u0436\u0438\u0440\u0441\u044c\u043a\u0435 \u043f\u0435\u0440\u0435\u0432\u0435\u0437\u0435\u043d\u043d\u044f \u0437 \u0410\u043b\u0456\u043a\u0430\u043d\u0442\u0435 (\u0437\u0430 \u0434\u043e\u043c\u043e\u0432\u043b\u0435\u043d\u0456\u0441\u0442\u044e \u043c\u043e\u0436\u043b\u0438\u0432\u0430 \u043f\u043e\u0441\u0430\u0434\u043a\u0430 \u0432 \u043d\u0430\u0439\u0431\u043b\u0438\u0436\u0447\u0438\u0445 \u043c\u0456\u0441\u0442\u0430\u0445) \u0434\u043e \u0423\u043a\u0440\u0430\u0457\u043d\u0438 (\u0422\u0435\u0440\u043d\u043e\u043f\u0456\u043b\u044c) \u0447\u0435\u0440\u0435\u0437 \u041d\u0456\u043c\u0435\u0447\u0447\u0438\u043d\u0443, \u0427\u0435\u0445\u0456\u044e \u0442\u0430 \u041f\u043e\u043b\u044c\u0449\u0443, \u0430 \u0443 \u0437\u0432\u043e\u0440\u043e\u0442\u043d\u043e\u043c\u0443 \u043d\u0430\u043f\u0440\u044f\u043c\u043a\u0443 \u2014 \u0449\u043e\u0441\u0435\u0440\u0435\u0434\u0438.<\/p>\n\n\n\n<p>\u041a\u043e\u043c\u0444\u043e\u0440\u0442\u0430\u0431\u0435\u043b\u044c\u043d\u0456 \u043c\u0456\u043a\u0440\u043e\u0430\u0432\u0442\u043e\u0431\u0443\u0441\u0438, \u0432\u0432\u0456\u0447\u043b\u0438\u0432\u0456 \u0442\u0430 \u0434\u043e\u0441\u0432\u0456\u0434\u0447\u0435\u043d\u0456 \u0432\u043e\u0434\u0456\u0457, \u043f\u0430\u0441\u0430\u0436\u0438\u0440\u0441\u044c\u043a\u0456 \u0441\u0438\u0434\u0456\u043d\u043d\u044f \u0432\u0456\u0434\u043e\u043a\u0440\u0435\u043c\u043b\u0435\u043d\u0456 \u0432\u0456\u0434 \u0432\u0430\u043d\u0442\u0430\u0436\u043d\u043e\u0433\u043e \u0432\u0456\u0434\u0441\u0456\u043a\u0443. \u0412\u0430\u0448\u0430 \u043f\u043e\u0434\u043e\u0440\u043e\u0436 \u0431\u0443\u0434\u0435 \u043a\u043e\u043c\u0444\u043e\u0440\u0442\u043d\u043e\u044e, \u0431\u0435\u0437\u043f\u0435\u0447\u043d\u043e\u044e \u0442\u0430 \u043f\u0440\u0438\u0454\u043c\u043d\u043e\u044e.<\/p>\n<\/div>\n<\/div>\n<\/div>\n<\/div>\n\n\n\n<div class=\"wp-block-group alignfull has-bbe-neutral-050-background-color has-background has-global-padding is-layout-constrained wp-block-group-is-layout-constrained\" style=\"padding-top:var(--wp--preset--spacing--bbe-150);padding-bottom:var(--wp--preset--spacing--bbe-150)\">\n<div class=\"wp-block-group alignwide is-horizontal is-content-justification-space-between is-nowrap is-layout-flex wp-container-core-group-is-layout-ca670c4c wp-block-group-is-layout-flex dt-cr-5\">\n<div class=\"wp-block-group wp-container-content-0733e5d0 is-vertical is-content-justification-stretch is-layout-flex wp-container-core-group-is-layout-44157424 wp-block-group-is-layout-flex\">\n<div class=\"wp-block-group is-layout-flow wp-container-core-group-is-layout-13c50d73 wp-block-group-is-layout-flow\">\n<h2 class=\"wp-block-heading has-bbe-primary-700-color has-text-color has-link-color has-bbe-large-font-size wp-elements-009236cde0b9d46f614af53b65c6ac7c\" style=\"font-style:normal;font-weight:500;letter-spacing:0.02em;text-transform:uppercase\">\u041e\u0441\u043d\u043e\u0432\u043d\u0456 \u0446\u0456\u043d\u043d\u043e\u0441\u0442\u0456 \u0442\u0430 \u043f\u0440\u0438\u043d\u0446\u0438\u043f\u0438<\/h2>\n\n\n\n<h2 class=\"wp-block-heading has-bbe-title-2-font-size\">\u041d\u0430\u0448\u0456 \u043f\u0440\u0438\u043d\u0446\u0438\u043f\u0438 \u0440\u043e\u0431\u043e\u0442\u0438<\/h2>\n\n\n\n<p>\u041c\u0438 \u0431\u0443\u0434\u0443\u0454\u043c\u043e \u043d\u0430\u0448 \u0431\u0456\u0437\u043d\u0435\u0441 \u043d\u0430 \u0434\u043e\u0432\u0456\u0440\u0456, \u0432\u0456\u0434\u043f\u043e\u0432\u0456\u0434\u0430\u043b\u044c\u043d\u043e\u0441\u0442\u0456 \u0442\u0430 \u043f\u0440\u0430\u0433\u043d\u0435\u043d\u043d\u0456 \u0434\u043e \u0434\u043e\u0441\u043a\u043e\u043d\u0430\u043b\u043e\u0441\u0442\u0456. \u041a\u043e\u0436\u043d\u0435 \u043f\u0435\u0440\u0435\u0432\u0435\u0437\u0435\u043d\u043d\u044f \u2014 \u0446\u0435 \u043d\u0435 \u043f\u0440\u043e\u0441\u0442\u043e \u0434\u043e\u0441\u0442\u0430\u0432\u043a\u0430, \u0430 \u0442\u0443\u0440\u0431\u043e\u0442\u0430 \u043f\u0440\u043e \u043b\u044e\u0434\u0435\u0439, \u0457\u0445\u043d\u0456 \u0440\u0435\u0447\u0456 \u0442\u0430 \u0447\u0430\u0441.<\/p>\n<\/div>\n<\/div>\n\n\n\n<div class=\"wp-block-group wp-container-content-0733e5d0 is-vertical is-content-justification-stretch is-layout-flex wp-container-core-group-is-layout-b2997ee7 wp-block-group-is-layout-flex\">\n<div class=\"wp-block-group is-layout-flow wp-container-core-group-is-layout-074ba494 wp-block-group-is-layout-flow\">\n<div class=\"wp-block-group is-nowrap is-layout-flex wp-container-core-group-is-layout-1eb01c41 wp-block-group-is-layout-flex dt-cr-2\">\n<p class=\"has-text-align-left has-bbe-primary-600-color has-text-color has-link-color wp-elements-a4845d948dfeb05ba78913f65c81f327 wp-container-content-c795c25f dt-cr__flex-item-prevent-shrinking\" style=\"font-size:42px;font-style:normal;font-weight:500;line-height:1\">1.<\/p>\n\n\n\n<div class=\"wp-block-group wp-container-content-9cfa9a5a is-vertical is-layout-flex wp-container-core-group-is-layout-748038ca wp-block-group-is-layout-flex\">\n<h3 class=\"wp-block-heading has-bbe-title-5-font-size\">\u041d\u0430\u0434\u0456\u0439\u043d\u0456\u0441\u0442\u044c \u0456 \u0432\u0456\u0434\u043f\u043e\u0432\u0456\u0434\u0430\u043b\u044c\u043d\u0456\u0441\u0442\u044c<\/h3>\n\n\n\n<p class=\"has-bbe-medium-font-size\">\u041c\u0438 \u0432\u0438\u043a\u043e\u043d\u0443\u0454\u043c\u043e \u043e\u0431\u0456\u0446\u044f\u043d\u043a\u0438 \u0442\u0430 \u0433\u0430\u0440\u0430\u043d\u0442\u0443\u0454\u043c\u043e \u0431\u0435\u0437\u043f\u0435\u043a\u0443 \u043a\u043e\u0436\u043d\u043e\u0433\u043e \u0432\u0456\u0434\u043f\u0440\u0430\u0432\u043b\u0435\u043d\u043d\u044f \u043d\u0430 \u0432\u0441\u0456\u0445 \u0435\u0442\u0430\u043f\u0430\u0445 \u0448\u043b\u044f\u0445\u0443.<\/p>\n<\/div>\n<\/div>\n\n\n\n<div class=\"wp-block-group is-nowrap is-layout-flex wp-container-core-group-is-layout-1eb01c41 wp-block-group-is-layout-flex dt-cr-3\">\n<p class=\"has-text-align-left has-bbe-primary-600-color has-text-color has-link-color wp-elements-1b5688d9a5c2923740c183891c6a207a wp-container-content-c795c25f dt-cr__flex-item-prevent-shrinking\" style=\"font-size:42px;font-style:normal;font-weight:500;line-height:1\">2.<\/p>\n\n\n\n<div class=\"wp-block-group wp-container-content-9cfa9a5a is-vertical is-layout-flex wp-container-core-group-is-layout-748038ca wp-block-group-is-layout-flex\">\n<h3 class=\"wp-block-heading has-bbe-title-5-font-size\">\u042f\u043a\u0456\u0441\u0442\u044c \u0443 \u0432\u0441\u044c\u043e\u043c\u0443<\/h3>\n\n\n\n<p class=\"has-bbe-medium-font-size\">\u0421\u0443\u0447\u0430\u0441\u043d\u0438\u0439 \u0442\u0440\u0430\u043d\u0441\u043f\u043e\u0440\u0442, \u0434\u043e\u0441\u0432\u0456\u0434\u0447\u0435\u043d\u0430 \u043a\u043e\u043c\u0430\u043d\u0434\u0430 \u0442\u0430 \u0443\u0432\u0430\u0433\u0430 \u0434\u043e \u0434\u0435\u0442\u0430\u043b\u0435\u0439 \u0437\u0430\u0431\u0435\u0437\u043f\u0435\u0447\u0443\u044e\u0442\u044c \u0432\u0438\u0441\u043e\u043a\u0438\u0439 \u0440\u0456\u0432\u0435\u043d\u044c \u0441\u0435\u0440\u0432\u0456\u0441\u0443<\/p>\n<\/div>\n<\/div>\n\n\n\n<div class=\"wp-block-group is-nowrap is-layout-flex wp-container-core-group-is-layout-1eb01c41 wp-block-group-is-layout-flex dt-cr-4\">\n<p class=\"has-text-align-left has-bbe-primary-600-color has-text-color has-link-color wp-elements-5360610be2be578e2cb999bcc3ddd262 wp-container-content-c795c25f dt-cr__flex-item-prevent-shrinking\" style=\"font-size:42px;font-style:normal;font-weight:500;line-height:1\">3.<\/p>\n\n\n\n<div class=\"wp-block-group wp-container-content-9cfa9a5a is-vertical is-layout-flex wp-container-core-group-is-layout-748038ca wp-block-group-is-layout-flex\">\n<h3 class=\"wp-block-heading has-bbe-title-5-font-size\">\u0422\u0443\u0440\u0431\u043e\u0442\u0430 \u043f\u0440\u043e \u043a\u043b\u0456\u0454\u043d\u0442\u0456\u0432<\/h3>\n\n\n\n<p class=\"has-bbe-medium-font-size\">\u041c\u0438 \u0437\u0430\u0432\u0436\u0434\u0438 \u043d\u0430 \u0437\u0432\u2019\u044f\u0437\u043a\u0443, \u0433\u043e\u0442\u043e\u0432\u0456 \u0434\u043e\u043f\u043e\u043c\u043e\u0433\u0442\u0438 \u0442\u0430 \u0437\u0440\u043e\u0431\u0438\u0442\u0438 \u043f\u0440\u043e\u0446\u0435\u0441 \u043f\u0435\u0440\u0435\u0432\u0435\u0437\u0435\u043d\u043d\u044f \u043c\u0430\u043a\u0441\u0438\u043c\u0430\u043b\u044c\u043d\u043e \u043f\u0440\u043e\u0441\u0442\u0438\u043c \u0456 \u043a\u043e\u043c\u0444\u043e\u0440\u0442\u043d\u0438\u043c \u0434\u043b\u044f \u0432\u0430\u0441.<\/p>\n<\/div>\n<\/div>\n<\/div>\n<\/div>\n<\/div>\n<\/div>\n<\/div>\n\n\n\n<div class=\"wp-block-cover alignwide has-custom-content-position is-position-center-left\" style=\"padding-top:0;padding-bottom:0;min-height:480px;aspect-ratio:unset;\"><img decoding=\"async\" width=\"1024\" height=\"576\" class=\"wp-block-cover__image-background wp-image-3978 size-large\" alt=\"\" src=\"https:\/\/the7.io\/fse-business\/wp-content\/uploads\/sites\/133\/2025\/01\/landsc-16x9-666-1-1024x576.jpg\" style=\"object-position:74% 18%\" data-object-fit=\"cover\" data-object-position=\"74% 18%\" srcset=\"https:\/\/seliztrans.es\/wp-content\/uploads\/2025\/01\/landsc-16x9-666-1-1024x576.jpg 1024w, https:\/\/seliztrans.es\/wp-content\/uploads\/2025\/01\/landsc-16x9-666-1-300x169.jpg 300w, https:\/\/seliztrans.es\/wp-content\/uploads\/2025\/01\/landsc-16x9-666-1-768x432.jpg 768w, https:\/\/seliztrans.es\/wp-content\/uploads\/2025\/01\/landsc-16x9-666-1-1536x864.jpg 1536w, https:\/\/seliztrans.es\/wp-content\/uploads\/2025\/01\/landsc-16x9-666-1-2048x1152.jpg 2048w\" sizes=\"(max-width: 1024px) 100vw, 1024px\" \/><span aria-hidden=\"true\" class=\"wp-block-cover__background has-background-dim-70 has-background-dim wp-block-cover__gradient-background has-background-gradient\" style=\"background:linear-gradient(100deg,rgb(0,0,0) 20%,rgba(0,0,0,0) 100%)\"><\/span><div class=\"wp-block-cover__inner-container has-global-padding is-layout-constrained wp-container-core-cover-is-layout-8c8924f0 wp-block-cover-is-layout-constrained\">\n<div class=\"wp-block-group alignfull is-vertical is-content-justification-stretch is-layout-flex wp-container-core-group-is-layout-6c244987 wp-block-group-is-layout-flex\" style=\"border-radius:0px;margin-top:0;margin-bottom:0;padding-top:var(--wp--preset--spacing--bbe-110);padding-right:7%;padding-bottom:var(--wp--preset--spacing--bbe-110);padding-left:7%\">\n<div class=\"wp-block-group has-global-padding is-layout-constrained wp-container-core-group-is-layout-05cc2d2c wp-block-group-is-layout-constrained\">\n<h3 data-aos-easing=\"ease-out\" data-aos=\"slide-left\" class=\"wp-block-heading alignwide has-text-align-left has-bbe-primary-300-color has-text-color has-link-color has-bbe-title-4-font-size wp-elements-9caa91daee27b5c67dd63d750068edfd dt-cr-6\" style=\"font-style:normal;font-weight:400;letter-spacing:0px\">\u041f\u0456\u0434\u0432\u0438\u0449\u0443\u0454\u043c\u043e \u0435\u0444\u0435\u043a\u0442\u0438\u0432\u043d\u0456\u0441\u0442\u044c \u0432\u0430\u0448\u0438\u0445 \u043f\u0435\u0440\u0435\u0432\u0435\u0437\u0435\u043d\u044c<\/h3>\n\n\n\n<h2 data-aos-easing=\"ease-out\" data-aos=\"slide-left\" class=\"wp-block-heading has-text-align-left has-bbe-neutral-000-color has-text-color has-link-color has-bbe-title-2-font-size wp-elements-07b9389155a195a44e0e00b2fa226bb1 dt-cr-7\">\u0417\u0430\u0431\u0440\u043e\u043d\u044e\u0439\u0442\u0435 \u0441\u0432\u043e\u0454 \u043c\u0456\u0441\u0446\u0435<\/h2>\n\n\n\n<div data-aos-easing=\"ease-out\" data-aos=\"fade-in\" class=\"wp-block-buttons is-content-justification-left is-layout-flex wp-container-core-buttons-is-layout-81104205 wp-block-buttons-is-layout-flex dt-cr-8\" style=\"margin-top:var(--wp--preset--spacing--bbe-80)\">\n<div style=\"; --wp-block-button--hover-background: var(--wp--preset--color--bbe-primary-600);\" class=\"wp-block-button is-style-bbe-secondary-500 is-style-style-4 is-style-style-4--1 has-hover-background\"><a class=\"wp-block-button__link has-bbe-neutral-000-color has-bbe-primary-500-background-color has-text-color has-background has-link-color has-text-align-center wp-element-button\" href=\"https:\/\/seliztrans.es\/ua\/contact\/\">\u0411\u0440\u043e\u043d\u044e\u0432\u0430\u043d\u043d\u044f<\/a><\/div>\n<\/div>\n<\/div>\n<\/div>\n<\/div><\/div>\n\n\n\n<p><\/p>","protected":false},"excerpt":{"rendered":"<p>Transporte de pasajeros Comodidad y fiabilidad Cada domingo se realiza el transporte de pasajeros desde Alicante (con posibilidad de recoger pasajeros en ciudades cercanas previo acuerdo) hacia Ucrania (Tern\u00f3pil) pasando por Alemania, Chequia y Polonia, y en sentido contrario \u2014 cada mi\u00e9rcoles. Minibuses c\u00f3modos, conductores amables y experimentados, los asientos de pasajeros est\u00e1n separados del [&hellip;]<\/p>","protected":false},"author":1,"featured_media":0,"parent":0,"menu_order":0,"comment_status":"closed","ping_status":"closed","template":"","meta":{"footnotes":""},"class_list":["post-16414","page","type-page","status-publish","hentry"],"_links":{"self":[{"href":"https:\/\/seliztrans.es\/ua\/wp-json\/wp\/v2\/pages\/16414","targetHints":{"allow":["GET"]}}],"collection":[{"href":"https:\/\/seliztrans.es\/ua\/wp-json\/wp\/v2\/pages"}],"about":[{"href":"https:\/\/seliztrans.es\/ua\/wp-json\/wp\/v2\/types\/page"}],"author":[{"embeddable":true,"href":"https:\/\/seliztrans.es\/ua\/wp-json\/wp\/v2\/users\/1"}],"replies":[{"embeddable":true,"href":"https:\/\/seliztrans.es\/ua\/wp-json\/wp\/v2\/comments?post=16414"}],"version-history":[{"count":9,"href":"https:\/\/seliztrans.es\/ua\/wp-json\/wp\/v2\/pages\/16414\/revisions"}],"predecessor-version":[{"id":16557,"href":"https:\/\/seliztrans.es\/ua\/wp-json\/wp\/v2\/pages\/16414\/revisions\/16557"}],"wp:attachment":[{"href":"https:\/\/seliztrans.es\/ua\/wp-json\/wp\/v2\/media?parent=16414"}],"curies":[{"name":"wp","href":"https:\/\/api.w.org\/{rel}","templated":true}]}}