{"id":16402,"date":"2025-10-17T15:30:22","date_gmt":"2025-10-17T14:30:22","guid":{"rendered":"https:\/\/seliztrans.es\/?page_id=16402"},"modified":"2025-11-11T14:30:50","modified_gmt":"2025-11-11T14:30:50","slug":"faq","status":"publish","type":"page","link":"https:\/\/seliztrans.es\/ua\/faq\/","title":{"rendered":"\u0427\u0430\u0441\u0442\u043e \u0437\u0430\u0434\u0430\u0432\u0430\u043d\u0456 \u043f\u0438\u0442\u0430\u043d\u043d\u044f"},"content":{"rendered":"<div class=\"wp-block-group is-layout-flow wp-container-core-group-is-layout-a77db08e wp-block-group-is-layout-flow\">\n<div style=\"height:2px\" aria-hidden=\"true\" class=\"wp-block-spacer\"><\/div>\n\n\n\n<div data-aos-easing=\"ease-out\" data-aos=\"slide-up\" class=\"wp-block-group wp-container-content-9cfa9a5a is-content-justification-space-between is-nowrap is-layout-flex wp-container-core-group-is-layout-19e60739 wp-block-group-is-layout-flex dt-cr-3\" style=\"border-top-color:var(--wp--preset--color--bbe-neutral-200);border-top-width:1px;min-height:180px;padding-top:var(--wp--preset--spacing--bbe-90);padding-bottom:var(--wp--preset--spacing--bbe-90);padding-left:0\">\n<div class=\"wp-block-group wp-container-content-9cfa9a5a is-nowrap is-layout-flex wp-container-core-group-is-layout-988ac7ed wp-block-group-is-layout-flex dt-cr-1\">\n<p class=\"has-bbe-primary-600-color has-text-color has-link-color wp-elements-7a37d282428f6eead1c882f350fe0f40 wp-container-content-782f50a5 dt-cr__flex-item-prevent-shrinking\" style=\"font-size:60px;font-style:normal;font-weight:500;line-height:1\">1.<\/p>\n\n\n\n<h3 class=\"wp-block-heading has-bbe-title-4-font-size\">\u042f\u043a\u0456 \u043f\u043e\u0441\u043b\u0443\u0433\u0438 \u043d\u0430\u0434\u0430\u0454 Seliztrans?<\/h3>\n<\/div>\n\n\n\n<div class=\"wp-block-group wp-container-content-0733e5d0 is-vertical is-layout-flex wp-container-core-group-is-layout-2009ef7d wp-block-group-is-layout-flex dt-cr__flex-item-prevent-shrinking dt-cr-2\">\n<p class=\"has-bbe-medium-font-size wp-container-content-9cfa9a5a\">\u041c\u0438 \u0437\u0430\u0439\u043c\u0430\u0454\u043c\u043e\u0441\u044f \u043f\u0435\u0440\u0435\u0432\u0435\u0437\u0435\u043d\u043d\u044f\u043c \u043f\u043e\u0441\u0438\u043b\u043e\u043a \u0442\u0430 \u043f\u0435\u0440\u0435\u0434\u0430\u0447, \u0432\u0430\u043d\u0442\u0430\u0436\u0456\u0432, \u0430\u0432\u0442\u043e\u043c\u043e\u0431\u0456\u043b\u0456\u0432, \u0430 \u0442\u0430\u043a\u043e\u0436 \u043e\u0440\u0433\u0430\u043d\u0456\u0437\u043e\u0432\u0443\u0454\u043c\u043e \u043f\u0435\u0440\u0435\u0457\u0437\u0434\u0438 \u043a\u0432\u0430\u0440\u0442\u0438\u0440 \u0456 \u043e\u0444\u0456\u0441\u0456\u0432. \u0423\u0441\u0456 \u043f\u043e\u0441\u043b\u0443\u0433\u0438 \u0432\u043a\u043b\u044e\u0447\u0430\u044e\u0442\u044c \u0431\u0435\u0437\u043f\u0435\u0447\u043d\u0435 \u0442\u0440\u0430\u043d\u0441\u043f\u043e\u0440\u0442\u0443\u0432\u0430\u043d\u043d\u044f \u0442\u0430 \u043a\u043e\u043d\u0442\u0440\u043e\u043b\u044c \u043d\u0430 \u043a\u043e\u0436\u043d\u043e\u043c\u0443 \u0435\u0442\u0430\u043f\u0456.<\/p>\n<\/div>\n<\/div>\n\n\n\n<div data-aos-easing=\"ease-out\" data-aos=\"slide-up\" class=\"wp-block-group wp-container-content-9cfa9a5a is-content-justification-space-between is-nowrap is-layout-flex wp-container-core-group-is-layout-19e60739 wp-block-group-is-layout-flex dt-cr-6\" style=\"border-top-color:var(--wp--preset--color--bbe-neutral-200);border-top-width:1px;min-height:180px;padding-top:var(--wp--preset--spacing--bbe-90);padding-bottom:var(--wp--preset--spacing--bbe-90);padding-left:0\">\n<div class=\"wp-block-group wp-container-content-9cfa9a5a is-nowrap is-layout-flex wp-container-core-group-is-layout-988ac7ed wp-block-group-is-layout-flex dt-cr-4\">\n<p class=\"has-bbe-primary-600-color has-text-color has-link-color wp-elements-e34da83f14e303128eca89f4308681b5 wp-container-content-782f50a5 dt-cr__flex-item-prevent-shrinking\" style=\"font-size:60px;font-style:normal;font-weight:500;line-height:1\">2.<\/p>\n\n\n\n<h3 class=\"wp-block-heading has-bbe-title-4-font-size\">\u0412 \u044f\u043a\u0456 \u043a\u0440\u0430\u0457\u043d\u0438 \u0432\u0438 \u0437\u0434\u0456\u0439\u0441\u043d\u044e\u0454\u0442\u0435 \u0434\u043e\u0441\u0442\u0430\u0432\u043a\u0443?<\/h3>\n<\/div>\n\n\n\n<div class=\"wp-block-group wp-container-content-0733e5d0 is-vertical is-layout-flex wp-container-core-group-is-layout-2009ef7d wp-block-group-is-layout-flex dt-cr__flex-item-prevent-shrinking dt-cr-5\">\n<p class=\"has-bbe-medium-font-size wp-container-content-9cfa9a5a\">\u041e\u0441\u043d\u043e\u0432\u043d\u0438\u0439 \u043d\u0430\u043f\u0440\u044f\u043c\u043e\u043a \u2014 \u0406\u0441\u043f\u0430\u043d\u0456\u044f \u0442\u0430 \u0423\u043a\u0440\u0430\u0457\u043d\u0430, \u0430 \u0442\u0430\u043a\u043e\u0436 \u0434\u043e\u0441\u0442\u0430\u0432\u043a\u0430 \u0434\u043e \u0456\u043d\u0448\u0438\u0445 \u043a\u0440\u0430\u0457\u043d \u0404\u0432\u0440\u043e\u043f\u0438 \u0437\u0430\u043b\u0435\u0436\u043d\u043e \u0432\u0456\u0434 \u0437\u0430\u043f\u0438\u0442\u0443.<br><br><\/p>\n<\/div>\n<\/div>\n\n\n\n<div data-aos-easing=\"ease-out\" data-aos=\"slide-up\" class=\"wp-block-group wp-container-content-9cfa9a5a is-content-justification-space-between is-nowrap is-layout-flex wp-container-core-group-is-layout-19e60739 wp-block-group-is-layout-flex dt-cr-9\" style=\"border-top-color:var(--wp--preset--color--bbe-neutral-200);border-top-width:1px;min-height:180px;padding-top:var(--wp--preset--spacing--bbe-90);padding-bottom:var(--wp--preset--spacing--bbe-90);padding-left:0\">\n<div class=\"wp-block-group wp-container-content-9cfa9a5a is-nowrap is-layout-flex wp-container-core-group-is-layout-988ac7ed wp-block-group-is-layout-flex dt-cr-7\">\n<p class=\"has-bbe-primary-600-color has-text-color has-link-color wp-elements-a34f42e0e3b83ee166f23347ccd11912 wp-container-content-782f50a5 dt-cr__flex-item-prevent-shrinking\" style=\"font-size:60px;font-style:normal;font-weight:500;line-height:1\">3.<\/p>\n\n\n\n<h3 class=\"wp-block-heading has-bbe-title-4-font-size\">\u042f\u043a \u043e\u0444\u043e\u0440\u043c\u0438\u0442\u0438 \u0437\u0430\u043c\u043e\u0432\u043b\u0435\u043d\u043d\u044f \u043d\u0430 \u043f\u0435\u0440\u0435\u0432\u0435\u0437\u0435\u043d\u043d\u044f \u0430\u0431\u043e \u043f\u0435\u0440\u0435\u0457\u0437\u0434?<\/h3>\n<\/div>\n\n\n\n<div class=\"wp-block-group wp-container-content-0733e5d0 is-vertical is-layout-flex wp-container-core-group-is-layout-2009ef7d wp-block-group-is-layout-flex dt-cr__flex-item-prevent-shrinking dt-cr-8\">\n<p class=\"has-bbe-medium-font-size wp-container-content-9cfa9a5a\">\u0412\u0438 \u043c\u043e\u0436\u0435\u0442\u0435 \u0437\u0430\u043b\u0438\u0448\u0438\u0442\u0438 \u0437\u0430\u044f\u0432\u043a\u0443 \u0447\u0435\u0440\u0435\u0437 email, \u043c\u0435\u0441\u0435\u043d\u0434\u0436\u0435\u0440 \u0430\u0431\u043e \u0442\u0435\u043b\u0435\u0444\u043e\u043d\u043e\u043c. \u041d\u0430\u0448 \u043c\u0435\u043d\u0435\u0434\u0436\u0435\u0440 \u0437\u0432\u2019\u044f\u0436\u0435\u0442\u044c\u0441\u044f \u0437 \u0432\u0430\u043c\u0438 \u0434\u043b\u044f \u0443\u0442\u043e\u0447\u043d\u0435\u043d\u043d\u044f \u0434\u0435\u0442\u0430\u043b\u0435\u0439: \u0442\u0438\u043f \u0432\u0430\u043d\u0442\u0430\u0436\u0443, \u0434\u0430\u0442\u0430, \u0430\u0434\u0440\u0435\u0441\u0430 \u0432\u0456\u0434\u043f\u0440\u0430\u0432\u043b\u0435\u043d\u043d\u044f \u0442\u0430 \u0434\u043e\u0441\u0442\u0430\u0432\u043a\u0438.<\/p>\n<\/div>\n<\/div>\n\n\n\n<div data-aos-easing=\"ease-out\" data-aos=\"slide-up\" class=\"wp-block-group wp-container-content-9cfa9a5a is-content-justification-space-between is-nowrap is-layout-flex wp-container-core-group-is-layout-19e60739 wp-block-group-is-layout-flex dt-cr-12\" style=\"border-top-color:var(--wp--preset--color--bbe-neutral-200);border-top-width:1px;min-height:180px;padding-top:var(--wp--preset--spacing--bbe-90);padding-bottom:var(--wp--preset--spacing--bbe-90);padding-left:0\">\n<div class=\"wp-block-group wp-container-content-9cfa9a5a is-nowrap is-layout-flex wp-container-core-group-is-layout-988ac7ed wp-block-group-is-layout-flex dt-cr-10\">\n<p class=\"has-bbe-primary-600-color has-text-color has-link-color wp-elements-367be3244d4a173c040088a685e9a4d9 wp-container-content-782f50a5 dt-cr__flex-item-prevent-shrinking\" style=\"font-size:60px;font-style:normal;font-weight:500;line-height:1\">4.<\/p>\n\n\n\n<h3 class=\"wp-block-heading has-bbe-title-4-font-size\">\u0421\u043a\u0456\u043b\u044c\u043a\u0438 \u0447\u0430\u0441\u0443 \u0437\u0430\u0439\u043c\u0430\u0454 \u0434\u043e\u0441\u0442\u0430\u0432\u043a\u0430?<\/h3>\n<\/div>\n\n\n\n<div class=\"wp-block-group wp-container-content-0733e5d0 is-vertical is-layout-flex wp-container-core-group-is-layout-2009ef7d wp-block-group-is-layout-flex dt-cr__flex-item-prevent-shrinking dt-cr-11\">\n<p class=\"has-bbe-medium-font-size wp-container-content-9cfa9a5a\">\u0422\u0435\u0440\u043c\u0456\u043d \u0437\u0430\u043b\u0435\u0436\u0438\u0442\u044c \u0432\u0456\u0434 \u0442\u0438\u043f\u0443 \u0432\u0456\u0434\u043f\u0440\u0430\u0432\u043b\u0435\u043d\u043d\u044f \u0442\u0430 \u0432\u0456\u0434\u0441\u0442\u0430\u043d\u0456. \u041c\u0438 \u0437\u0430\u0432\u0436\u0434\u0438 \u0456\u043d\u0444\u043e\u0440\u043c\u0443\u0454\u043c\u043e \u043a\u043b\u0456\u0454\u043d\u0442\u0430 \u043f\u0440\u043e \u043e\u0440\u0456\u0454\u043d\u0442\u043e\u0432\u043d\u0438\u0439 \u0447\u0430\u0441 \u0434\u043e\u0441\u0442\u0430\u0432\u043a\u0438 \u0456 \u043d\u0430\u043c\u0430\u0433\u0430\u0454\u043c\u043e\u0441\u044f \u0434\u043e\u0442\u0440\u0438\u043c\u0443\u0432\u0430\u0442\u0438\u0441\u044f \u043f\u043e\u0433\u043e\u0434\u0436\u0435\u043d\u0438\u0445 \u0441\u0442\u0440\u043e\u043a\u0456\u0432.<\/p>\n<\/div>\n<\/div>\n\n\n\n<div data-aos-easing=\"ease-out\" data-aos=\"slide-up\" class=\"wp-block-group wp-container-content-9cfa9a5a is-content-justification-space-between is-nowrap is-layout-flex wp-container-core-group-is-layout-19e60739 wp-block-group-is-layout-flex dt-cr-15\" style=\"border-top-color:var(--wp--preset--color--bbe-neutral-200);border-top-width:1px;border-bottom-color:var(--wp--preset--color--bbe-neutral-200);border-bottom-width:1px;min-height:180px;padding-top:var(--wp--preset--spacing--bbe-90);padding-bottom:var(--wp--preset--spacing--bbe-90);padding-left:0\">\n<div class=\"wp-block-group wp-container-content-9cfa9a5a is-nowrap is-layout-flex wp-container-core-group-is-layout-988ac7ed wp-block-group-is-layout-flex dt-cr-13\">\n<p class=\"has-bbe-primary-600-color has-text-color has-link-color wp-elements-774337449c00b7b618291e18b3d8d127 wp-container-content-782f50a5 dt-cr__flex-item-prevent-shrinking\" style=\"font-size:60px;font-style:normal;font-weight:500;line-height:1\">5.<\/p>\n\n\n\n<h3 class=\"wp-block-heading has-bbe-title-4-font-size\">\u042f\u043a \u0440\u043e\u0437\u0440\u0430\u0445\u043e\u0432\u0443\u0454\u0442\u044c\u0441\u044f \u0432\u0430\u0440\u0442\u0456\u0441\u0442\u044c \u0434\u043e\u0441\u0442\u0430\u0432\u043a\u0438?<\/h3>\n<\/div>\n\n\n\n<div class=\"wp-block-group wp-container-content-0733e5d0 is-vertical is-layout-flex wp-container-core-group-is-layout-2009ef7d wp-block-group-is-layout-flex dt-cr__flex-item-prevent-shrinking dt-cr-14\">\n<p class=\"has-bbe-medium-font-size wp-container-content-9cfa9a5a\">\u0426\u0456\u043d\u0430 \u0437\u0430\u043b\u0435\u0436\u0438\u0442\u044c \u0432\u0456\u0434 \u043e\u0431\u2019\u0454\u043c\u0443, \u0432\u0430\u0433\u0438, \u0442\u0438\u043f\u0443 \u0432\u0430\u043d\u0442\u0430\u0436\u0443 \u0442\u0430 \u0432\u0456\u0434\u0441\u0442\u0430\u043d\u0456. \u0414\u043b\u044f \u0442\u043e\u0447\u043d\u043e\u0433\u043e \u0440\u043e\u0437\u0440\u0430\u0445\u0443\u043d\u043a\u0443 \u043c\u0438 \u043f\u0440\u043e\u0432\u043e\u0434\u0438\u043c\u043e \u043f\u043e\u043f\u0435\u0440\u0435\u0434\u043d\u044e \u043e\u0446\u0456\u043d\u043a\u0443 \u043f\u0456\u0441\u043b\u044f \u043a\u043e\u043d\u0441\u0443\u043b\u044c\u0442\u0430\u0446\u0456\u0457.<\/p>\n<\/div>\n<\/div>\n\n\n\n<div data-aos-easing=\"ease-out\" data-aos=\"slide-up\" class=\"wp-block-group wp-container-content-9cfa9a5a is-content-justification-space-between is-nowrap is-layout-flex wp-container-core-group-is-layout-19e60739 wp-block-group-is-layout-flex dt-cr-18\" style=\"border-top-color:var(--wp--preset--color--bbe-neutral-200);border-top-width:1px;border-bottom-color:var(--wp--preset--color--bbe-neutral-200);border-bottom-width:1px;min-height:180px;padding-top:var(--wp--preset--spacing--bbe-90);padding-bottom:var(--wp--preset--spacing--bbe-90);padding-left:0\">\n<div class=\"wp-block-group wp-container-content-9cfa9a5a is-nowrap is-layout-flex wp-container-core-group-is-layout-988ac7ed wp-block-group-is-layout-flex dt-cr-16\">\n<p class=\"has-bbe-primary-600-color has-text-color has-link-color wp-elements-187a7a038ce08248bd98bb3b2aeb3c4b wp-container-content-782f50a5 dt-cr__flex-item-prevent-shrinking\" style=\"font-size:60px;font-style:normal;font-weight:500;line-height:1\">6.<\/p>\n\n\n\n<h3 class=\"wp-block-heading has-bbe-title-4-font-size\">\u0427\u0438 \u043c\u043e\u0436\u0443 \u044f \u0432\u0456\u0434\u0441\u0442\u0435\u0436\u0443\u0432\u0430\u0442\u0438 \u0441\u0432\u0456\u0439 \u0432\u0430\u043d\u0442\u0430\u0436?<\/h3>\n<\/div>\n\n\n\n<div class=\"wp-block-group wp-container-content-0733e5d0 is-vertical is-layout-flex wp-container-core-group-is-layout-2009ef7d wp-block-group-is-layout-flex dt-cr__flex-item-prevent-shrinking dt-cr-17\">\n<p class=\"has-bbe-medium-font-size wp-container-content-9cfa9a5a\">\u0412\u0438 \u0437\u0430\u0432\u0436\u0434\u0438 \u043c\u043e\u0436\u0435\u0442\u0435 \u0443\u0442\u043e\u0447\u043d\u0438\u0442\u0438 \u0441\u0442\u0430\u0442\u0443\u0441 \u0432\u0456\u0434\u043f\u0440\u0430\u0432\u043b\u0435\u043d\u043d\u044f \u0443 \u043d\u0430\u0448\u043e\u0433\u043e \u043c\u0435\u043d\u0435\u0434\u0436\u0435\u0440\u0430 \u0430\u0431\u043e \u043f\u0435\u0440\u0435\u0432\u0456\u0440\u0438\u0442\u0438 \u0432 \u0433\u0440\u0443\u043f\u0456 \u0437\u0430 \u043d\u043e\u043c\u0435\u0440\u043e\u043c.<\/p>\n<\/div>\n<\/div>\n\n\n\n<div data-aos-easing=\"ease-out\" data-aos=\"slide-up\" class=\"wp-block-group wp-container-content-9cfa9a5a is-content-justification-space-between is-nowrap is-layout-flex wp-container-core-group-is-layout-19e60739 wp-block-group-is-layout-flex dt-cr-21\" style=\"border-top-color:var(--wp--preset--color--bbe-neutral-200);border-top-width:1px;border-bottom-color:var(--wp--preset--color--bbe-neutral-200);border-bottom-width:1px;min-height:180px;padding-top:var(--wp--preset--spacing--bbe-90);padding-bottom:var(--wp--preset--spacing--bbe-90);padding-left:0\">\n<div class=\"wp-block-group wp-container-content-9cfa9a5a is-nowrap is-layout-flex wp-container-core-group-is-layout-988ac7ed wp-block-group-is-layout-flex dt-cr-19\">\n<p class=\"has-bbe-primary-600-color has-text-color has-link-color wp-elements-5d1aeadd886a13721483bbe605660acd wp-container-content-782f50a5 dt-cr__flex-item-prevent-shrinking\" style=\"font-size:60px;font-style:normal;font-weight:500;line-height:1\">7.<\/p>\n\n\n\n<h3 class=\"wp-block-heading has-bbe-title-4-font-size\">\u042f\u043a \u0437\u0434\u0456\u0439\u0441\u043d\u044e\u0454\u0442\u044c\u0441\u044f \u043e\u043f\u043b\u0430\u0442\u0430 \u043f\u043e\u0441\u043b\u0443\u0433?<\/h3>\n<\/div>\n\n\n\n<div class=\"wp-block-group wp-container-content-0733e5d0 is-vertical is-layout-flex wp-container-core-group-is-layout-2009ef7d wp-block-group-is-layout-flex dt-cr__flex-item-prevent-shrinking dt-cr-20\">\n<p class=\"has-bbe-medium-font-size wp-container-content-9cfa9a5a\">\u041e\u043f\u043b\u0430\u0442\u0430 \u043c\u043e\u0436\u043b\u0438\u0432\u0430 \u0431\u0430\u043d\u043a\u0456\u0432\u0441\u044c\u043a\u0438\u043c \u043f\u0435\u0440\u0435\u043a\u0430\u0437\u043e\u043c, \u043e\u043d\u043b\u0430\u0439\u043d \u0430\u0431\u043e \u0443 \u0432\u0456\u0434\u0434\u0456\u043b\u0435\u043d\u043d\u0456. \u0423\u0441\u0456 \u0443\u043c\u043e\u0432\u0438 \u043e\u0431\u0433\u043e\u0432\u043e\u0440\u044e\u044e\u0442\u044c\u0441\u044f \u0456\u043d\u0434\u0438\u0432\u0456\u0434\u0443\u0430\u043b\u044c\u043d\u043e \u043f\u0440\u0438 \u043e\u0444\u043e\u0440\u043c\u043b\u0435\u043d\u043d\u0456 \u0437\u0430\u043c\u043e\u0432\u043b\u0435\u043d\u043d\u044f.<\/p>\n<\/div>\n<\/div>\n<\/div>\n\n\n\n<div style=\"height:100px\" aria-hidden=\"true\" class=\"wp-block-spacer\"><\/div>\n\n\n\n<div class=\"wp-block-cover alignwide has-custom-content-position is-position-center-left\" style=\"padding-top:0;padding-bottom:0;min-height:480px;aspect-ratio:unset;\"><img fetchpriority=\"high\" decoding=\"async\" width=\"1024\" height=\"576\" class=\"wp-block-cover__image-background wp-image-3978 size-large\" alt=\"\" src=\"https:\/\/the7.io\/fse-business\/wp-content\/uploads\/sites\/133\/2025\/01\/landsc-16x9-666-1-1024x576.jpg\" style=\"object-position:74% 18%\" data-object-fit=\"cover\" data-object-position=\"74% 18%\" srcset=\"https:\/\/seliztrans.es\/wp-content\/uploads\/2025\/01\/landsc-16x9-666-1-1024x576.jpg 1024w, https:\/\/seliztrans.es\/wp-content\/uploads\/2025\/01\/landsc-16x9-666-1-300x169.jpg 300w, https:\/\/seliztrans.es\/wp-content\/uploads\/2025\/01\/landsc-16x9-666-1-768x432.jpg 768w, https:\/\/seliztrans.es\/wp-content\/uploads\/2025\/01\/landsc-16x9-666-1-1536x864.jpg 1536w, https:\/\/seliztrans.es\/wp-content\/uploads\/2025\/01\/landsc-16x9-666-1-2048x1152.jpg 2048w\" sizes=\"(max-width: 1024px) 100vw, 1024px\" \/><span aria-hidden=\"true\" class=\"wp-block-cover__background has-background-dim-70 has-background-dim wp-block-cover__gradient-background has-background-gradient\" style=\"background:linear-gradient(100deg,rgb(0,0,0) 20%,rgba(0,0,0,0) 100%)\"><\/span><div class=\"wp-block-cover__inner-container has-global-padding is-layout-constrained wp-container-core-cover-is-layout-8c8924f0 wp-block-cover-is-layout-constrained\">\n<div class=\"wp-block-group alignfull is-vertical is-content-justification-stretch is-layout-flex wp-container-core-group-is-layout-6c244987 wp-block-group-is-layout-flex\" style=\"border-radius:0px;margin-top:0;margin-bottom:0;padding-top:var(--wp--preset--spacing--bbe-110);padding-right:7%;padding-bottom:var(--wp--preset--spacing--bbe-110);padding-left:7%\">\n<div class=\"wp-block-group has-global-padding is-layout-constrained wp-container-core-group-is-layout-05cc2d2c wp-block-group-is-layout-constrained\">\n<h3 data-aos-easing=\"ease-out\" data-aos=\"slide-left\" class=\"wp-block-heading alignwide has-text-align-left has-bbe-primary-300-color has-text-color has-link-color has-bbe-title-4-font-size wp-elements-9caa91daee27b5c67dd63d750068edfd dt-cr-22\" style=\"font-style:normal;font-weight:400;letter-spacing:0px\">\u041f\u0456\u0434\u0432\u0438\u0449\u0443\u0454\u043c\u043e \u0435\u0444\u0435\u043a\u0442\u0438\u0432\u043d\u0456\u0441\u0442\u044c \u0432\u0430\u0448\u0438\u0445 \u043f\u0435\u0440\u0435\u0432\u0435\u0437\u0435\u043d\u044c<\/h3>\n\n\n\n<h2 data-aos-easing=\"ease-out\" data-aos=\"slide-left\" class=\"wp-block-heading has-text-align-left has-bbe-neutral-000-color has-text-color has-link-color has-bbe-title-2-font-size wp-elements-af3122ac1c23aaeb6ceae990f9f969c2 dt-cr-23\">\u041e\u0442\u0440\u0438\u043c\u0430\u0439\u0442\u0435 \u0431\u0435\u0437\u043a\u043e\u0448\u0442\u043e\u0432\u043d\u0443 \u043a\u043e\u043d\u0441\u0443\u043b\u044c\u0442\u0430\u0446\u0456\u044e \u0437 \u043d\u0430\u0448\u0438\u043c\u0438 \u0444\u0430\u0445\u0456\u0432\u0446\u044f\u043c\u0438<\/h2>\n\n\n\n<div data-aos-easing=\"ease-out\" data-aos=\"fade-in\" class=\"wp-block-buttons is-content-justification-left is-layout-flex wp-container-core-buttons-is-layout-81104205 wp-block-buttons-is-layout-flex dt-cr-24\" style=\"margin-top:var(--wp--preset--spacing--bbe-80)\">\n<div style=\"; --wp-block-button--hover-text: var(--wp--preset--color--bbe-neutral-000);; --wp-block-button--hover-border: var(--wp--preset--color--bbe-primary-400);\" class=\"wp-block-button is-style-bbe-secondary-500 is-style-style-4 is-style-style-4--1 has-hover-text has-hover-border\"><a class=\"wp-block-button__link has-bbe-neutral-000-color has-text-color has-background has-link-color has-border-color has-bbe-neutral-000-border-color has-text-align-center wp-element-button\" href=\"https:\/\/seliztrans.es\/ua\/about-us\/\" style=\"border-width:2px;background-color:#00000000;padding-top:14px;padding-right:22px;padding-bottom:14px;padding-left:22px\">\u0411\u0456\u043b\u044c\u0448\u0435 \u043f\u0440\u043e \u043d\u0430\u0441<\/a><\/div>\n\n\n\n<div style=\"; --wp-block-button--hover-background: var(--wp--preset--color--bbe-primary-600);\" class=\"wp-block-button is-style-bbe-secondary-500 is-style-style-4 is-style-style-4--2 has-hover-background\"><a class=\"wp-block-button__link has-bbe-neutral-000-color has-bbe-primary-500-background-color has-text-color has-background has-link-color has-text-align-center wp-element-button\" href=\"https:\/\/seliztrans.es\/ua\/contact-us\/\">\u0411\u0435\u0437\u043a\u043e\u0448\u0442\u043e\u0432\u043d\u0430 \u043a\u043e\u043d\u0441\u0443\u043b\u044c\u0442\u0430\u0446\u0456\u044f<\/a><\/div>\n<\/div>\n<\/div>\n<\/div>\n<\/div><\/div>","protected":false},"excerpt":{"rendered":"<p>1. \u00bfQu\u00e9 servicios ofrece Seliztrans? Nos dedicamos al transporte de paquetes y env\u00edos, cargas, autom\u00f3viles, as\u00ed como a la organizaci\u00f3n de mudanzas de apartamentos y oficinas. Todos los servicios incluyen transporte seguro y supervisi\u00f3n en cada etapa. 2. \u00bfA qu\u00e9 pa\u00edses realizan env\u00edos? La principal direcci\u00f3n es Espa\u00f1a y Ucrania, as\u00ed como entregas a otros [&hellip;]<\/p>","protected":false},"author":1,"featured_media":0,"parent":0,"menu_order":0,"comment_status":"closed","ping_status":"closed","template":"","meta":{"footnotes":""},"class_list":["post-16402","page","type-page","status-publish","hentry"],"_links":{"self":[{"href":"https:\/\/seliztrans.es\/ua\/wp-json\/wp\/v2\/pages\/16402","targetHints":{"allow":["GET"]}}],"collection":[{"href":"https:\/\/seliztrans.es\/ua\/wp-json\/wp\/v2\/pages"}],"about":[{"href":"https:\/\/seliztrans.es\/ua\/wp-json\/wp\/v2\/types\/page"}],"author":[{"embeddable":true,"href":"https:\/\/seliztrans.es\/ua\/wp-json\/wp\/v2\/users\/1"}],"replies":[{"embeddable":true,"href":"https:\/\/seliztrans.es\/ua\/wp-json\/wp\/v2\/comments?post=16402"}],"version-history":[{"count":9,"href":"https:\/\/seliztrans.es\/ua\/wp-json\/wp\/v2\/pages\/16402\/revisions"}],"predecessor-version":[{"id":16550,"href":"https:\/\/seliztrans.es\/ua\/wp-json\/wp\/v2\/pages\/16402\/revisions\/16550"}],"wp:attachment":[{"href":"https:\/\/seliztrans.es\/ua\/wp-json\/wp\/v2\/media?parent=16402"}],"curies":[{"name":"wp","href":"https:\/\/api.w.org\/{rel}","templated":true}]}}