{"id":16259,"date":"2024-08-28T11:21:50","date_gmt":"2024-08-28T11:21:50","guid":{"rendered":"https:\/\/seliztrans.es\/contact-2\/"},"modified":"2025-11-11T13:51:20","modified_gmt":"2025-11-11T13:51:20","slug":"contact-us","status":"publish","type":"page","link":"https:\/\/seliztrans.es\/ua\/contact-us\/","title":{"rendered":"\u041a\u043e\u043d\u0442\u0430\u043a\u0442\u0438"},"content":{"rendered":"<div class=\"wp-block-group alignfull has-global-padding is-layout-constrained wp-container-core-group-is-layout-b0ff7a32 wp-block-group-is-layout-constrained\" style=\"padding-top:var(--wp--preset--spacing--bbe-150);padding-bottom:var(--wp--preset--spacing--bbe-150)\">\n<div class=\"wp-block-group alignwide is-horizontal is-nowrap is-layout-flex wp-container-core-group-is-layout-793b4b41 wp-block-group-is-layout-flex dt-cr-1\">\n<div class=\"wp-block-group wp-container-content-0733e5d0 is-vertical is-layout-flex wp-container-core-group-is-layout-d6b9ab57 wp-block-group-is-layout-flex\">\n<div class=\"wp-block-group has-global-padding is-layout-constrained wp-container-core-group-is-layout-c13cc23c wp-block-group-is-layout-constrained\">\n<h2 class=\"wp-block-heading has-bbe-primary-700-color has-text-color has-link-color has-bbe-large-font-size wp-elements-93f3b6f0e1b3ccd0540583489d5f4955\" style=\"font-style:normal;font-weight:500;letter-spacing:0.02em;text-transform:uppercase\">\u0413\u043e\u0442\u043e\u0432\u0456 \u0440\u043e\u0437\u043f\u043e\u0447\u0430\u0442\u0438?<\/h2>\n\n\n\n<h2 class=\"wp-block-heading has-bbe-title-2-font-size\">\u0417\u0432'\u044f\u0436\u0456\u0442\u044c\u0441\u044f \u0437 \u043d\u0430\u043c\u0438!<\/h2>\n\n\n\n<div class=\"wp-block-group has-global-padding is-content-justification-left is-layout-constrained wp-container-core-group-is-layout-3b5af31b wp-block-group-is-layout-constrained\" style=\"margin-top:var(--wp--preset--spacing--bbe-80);margin-bottom:var(--wp--preset--spacing--bbe-80);padding-top:0;padding-right:0;padding-bottom:0;padding-left:0\">\n<div class=\"wp-block-group has-global-padding is-layout-constrained wp-container-core-group-is-layout-d4a942b0 wp-block-group-is-layout-constrained\" style=\"border-radius:0px;border-left-color:var(--wp--preset--color--bbe-primary-200);border-left-width:2px;padding-top:var(--wp--preset--spacing--bbe-20);padding-bottom:var(--wp--preset--spacing--bbe-20);padding-left:var(--wp--preset--spacing--bbe-40)\">\n<p class=\"has-bbe-primary-700-color has-text-color has-link-color has-bbe-medium-font-size wp-elements-1e5b34cafc434ad0d9f7fdff0232daee\" style=\"font-style:normal;font-weight:500;line-height:1.4\">\u0417\u0430\u0442\u0435\u043b\u0435\u0444\u043e\u043d\u0443\u0439\u0442\u0435 \u043d\u0430\u043c<\/p>\n\n\n\n<h3 class=\"wp-block-heading has-bbe-neutral-950-color has-text-color has-link-color has-bbe-title-5-font-size wp-elements-8e6779dea3a2a391c28fa660f5e5f6ee\">+34 622 464 846<\/h3>\n\n\n\n<h3 class=\"wp-block-heading has-bbe-neutral-950-color has-text-color has-link-color has-bbe-title-5-font-size\">+38 099 675 76 99<\/h3>\n<\/div>\n\n\n\n<div class=\"wp-block-group has-global-padding is-layout-constrained wp-container-core-group-is-layout-d4a942b0 wp-block-group-is-layout-constrained\" style=\"border-radius:0px;border-left-color:var(--wp--preset--color--bbe-primary-200);border-left-width:2px;padding-top:var(--wp--preset--spacing--bbe-20);padding-bottom:var(--wp--preset--spacing--bbe-20);padding-left:var(--wp--preset--spacing--bbe-40)\">\n<p class=\"has-bbe-primary-700-color has-text-color has-link-color has-bbe-medium-font-size wp-elements-43b516ce5778a94529fda4b6f25db808\" style=\"font-style:normal;font-weight:500;line-height:1.4\">\u0415\u043b\u0435\u043a\u0442\u0440\u043e\u043d\u043d\u0430 \u043f\u043e\u0448\u0442\u0430<\/p>\n\n\n\n<h2 class=\"wp-block-heading has-bbe-x-large-font-size\" style=\"font-style:normal;font-weight:400\">seliztrans@gmail.com<\/h2>\n<\/div>\n\n\n\n<div class=\"wp-block-group has-global-padding is-layout-constrained wp-container-core-group-is-layout-d4a942b0 wp-block-group-is-layout-constrained\" style=\"border-radius:0px;border-left-color:var(--wp--preset--color--bbe-primary-200);border-left-width:2px;padding-top:var(--wp--preset--spacing--bbe-20);padding-bottom:var(--wp--preset--spacing--bbe-20);padding-left:var(--wp--preset--spacing--bbe-40)\">\n<p class=\"has-bbe-primary-700-color has-text-color has-link-color has-bbe-medium-font-size wp-elements-89eae4d11b9ae756c02ab508ad97b715\" style=\"font-style:normal;font-weight:500;line-height:1.4\">\u0420\u043e\u0437\u0442\u0430\u0448\u0443\u0432\u0430\u043d\u043d\u044f<\/p>\n\n\n\n<h2 class=\"wp-block-heading has-bbe-x-large-font-size\" style=\"font-style:normal;font-weight:400\">C. Nou D&#8217;Octubre, 57, 03012 Alicante<\/h2>\n<\/div>\n<\/div>\n\n\n\n<ul class=\"wp-block-social-links has-normal-icon-size has-icon-color has-icon-background-color is-style-default is-layout-flex wp-container-core-social-links-is-layout-db9d5d1c wp-block-social-links-is-layout-flex\" style=\"margin-top:var(--wp--preset--spacing--bbe-80)\"><li style=\"color:#ffffff;background-color:#2B7FFF;\" class=\"wp-social-link wp-social-link-instagram has-bbe-neutral-000-color has-bbe-primary-500-background-color wp-block-social-link\"><a rel=\"noopener nofollow\" target=\"_blank\" href=\"https:\/\/www.instagram.com\/seliztrans\/\" class=\"wp-block-social-link-anchor\"><svg width=\"24\" height=\"24\" viewbox=\"0 0 24 24\" version=\"1.1\" xmlns=\"http:\/\/www.w3.org\/2000\/svg\" aria-hidden=\"true\" focusable=\"false\"><path d=\"M12,4.622c2.403,0,2.688,0.009,3.637,0.052c0.877,0.04,1.354,0.187,1.671,0.31c0.42,0.163,0.72,0.358,1.035,0.673 c0.315,0.315,0.51,0.615,0.673,1.035c0.123,0.317,0.27,0.794,0.31,1.671c0.043,0.949,0.052,1.234,0.052,3.637 s-0.009,2.688-0.052,3.637c-0.04,0.877-0.187,1.354-0.31,1.671c-0.163,0.42-0.358,0.72-0.673,1.035 c-0.315,0.315-0.615,0.51-1.035,0.673c-0.317,0.123-0.794,0.27-1.671,0.31c-0.949,0.043-1.233,0.052-3.637,0.052 s-2.688-0.009-3.637-0.052c-0.877-0.04-1.354-0.187-1.671-0.31c-0.42-0.163-0.72-0.358-1.035-0.673 c-0.315-0.315-0.51-0.615-0.673-1.035c-0.123-0.317-0.27-0.794-0.31-1.671C4.631,14.688,4.622,14.403,4.622,12 s0.009-2.688,0.052-3.637c0.04-0.877,0.187-1.354,0.31-1.671c0.163-0.42,0.358-0.72,0.673-1.035 c0.315-0.315,0.615-0.51,1.035-0.673c0.317-0.123,0.794-0.27,1.671-0.31C9.312,4.631,9.597,4.622,12,4.622 M12,3 C9.556,3,9.249,3.01,8.289,3.054C7.331,3.098,6.677,3.25,6.105,3.472C5.513,3.702,5.011,4.01,4.511,4.511 c-0.5,0.5-0.808,1.002-1.038,1.594C3.25,6.677,3.098,7.331,3.054,8.289C3.01,9.249,3,9.556,3,12c0,2.444,0.01,2.751,0.054,3.711 c0.044,0.958,0.196,1.612,0.418,2.185c0.23,0.592,0.538,1.094,1.038,1.594c0.5,0.5,1.002,0.808,1.594,1.038 c0.572,0.222,1.227,0.375,2.185,0.418C9.249,20.99,9.556,21,12,21s2.751-0.01,3.711-0.054c0.958-0.044,1.612-0.196,2.185-0.418 c0.592-0.23,1.094-0.538,1.594-1.038c0.5-0.5,0.808-1.002,1.038-1.594c0.222-0.572,0.375-1.227,0.418-2.185 C20.99,14.751,21,14.444,21,12s-0.01-2.751-0.054-3.711c-0.044-0.958-0.196-1.612-0.418-2.185c-0.23-0.592-0.538-1.094-1.038-1.594 c-0.5-0.5-1.002-0.808-1.594-1.038c-0.572-0.222-1.227-0.375-2.185-0.418C14.751,3.01,14.444,3,12,3L12,3z M12,7.378 c-2.552,0-4.622,2.069-4.622,4.622S9.448,16.622,12,16.622s4.622-2.069,4.622-4.622S14.552,7.378,12,7.378z M12,15 c-1.657,0-3-1.343-3-3s1.343-3,3-3s3,1.343,3,3S13.657,15,12,15z M16.804,6.116c-0.596,0-1.08,0.484-1.08,1.08 s0.484,1.08,1.08,1.08c0.596,0,1.08-0.484,1.08-1.08S17.401,6.116,16.804,6.116z\"><\/path><\/svg><span class=\"wp-block-social-link-label screen-reader-text\">Instagram<\/span><\/a><\/li>\n\n<li style=\"color:#ffffff;background-color:#2B7FFF;\" class=\"wp-social-link wp-social-link-facebook has-bbe-neutral-000-color has-bbe-primary-500-background-color wp-block-social-link\"><a rel=\"noopener nofollow\" target=\"_blank\" href=\"https:\/\/www.facebook.com\/seliztrans\" class=\"wp-block-social-link-anchor\"><svg width=\"24\" height=\"24\" viewbox=\"0 0 24 24\" version=\"1.1\" xmlns=\"http:\/\/www.w3.org\/2000\/svg\" aria-hidden=\"true\" focusable=\"false\"><path d=\"M12 2C6.5 2 2 6.5 2 12c0 5 3.7 9.1 8.4 9.9v-7H7.9V12h2.5V9.8c0-2.5 1.5-3.9 3.8-3.9 1.1 0 2.2.2 2.2.2v2.5h-1.3c-1.2 0-1.6.8-1.6 1.6V12h2.8l-.4 2.9h-2.3v7C18.3 21.1 22 17 22 12c0-5.5-4.5-10-10-10z\"><\/path><\/svg><span class=\"wp-block-social-link-label screen-reader-text\">Facebook<\/span><\/a><\/li><\/ul>\n<\/div>\n<\/div>\n\n\n\n<div class=\"wp-block-group wp-container-content-0733e5d0 is-vertical is-content-justification-stretch is-layout-flex wp-container-core-group-is-layout-353c4f5a wp-block-group-is-layout-flex\">\n<div class=\"wp-block-group has-global-padding is-layout-constrained wp-container-core-group-is-layout-03173933 wp-block-group-is-layout-constrained\">\n<div class=\"wp-block-group is-content-justification-space-between is-nowrap is-layout-flex wp-container-core-group-is-layout-cb46ffcb wp-block-group-is-layout-flex\">\n<figure class=\"wp-block-image size-full is-style-default\" style=\"margin-right:12%\"><img fetchpriority=\"high\" decoding=\"async\" width=\"1800\" height=\"1200\" src=\"https:\/\/the7.io\/fse-business\/wp-content\/uploads\/sites\/133\/2025\/01\/landsc-3x2-x328.jpg\" alt=\"\" class=\"wp-image-3971\" style=\"aspect-ratio:16\/9;object-fit:cover\" srcset=\"https:\/\/seliztrans.es\/wp-content\/uploads\/2025\/01\/landsc-3x2-x328.jpg 1800w, https:\/\/seliztrans.es\/wp-content\/uploads\/2025\/01\/landsc-3x2-x328-300x200.jpg 300w, https:\/\/seliztrans.es\/wp-content\/uploads\/2025\/01\/landsc-3x2-x328-1024x683.jpg 1024w, https:\/\/seliztrans.es\/wp-content\/uploads\/2025\/01\/landsc-3x2-x328-768x512.jpg 768w, https:\/\/seliztrans.es\/wp-content\/uploads\/2025\/01\/landsc-3x2-x328-1536x1024.jpg 1536w\" sizes=\"(max-width: 1800px) 100vw, 1800px\" \/><\/figure>\n<\/div>\n\n\n\n<div class=\"wp-block-group is-content-justification-space-between is-nowrap is-layout-flex wp-container-core-group-is-layout-d565db62 wp-block-group-is-layout-flex\">\n<figure class=\"wp-block-image size-full is-style-default wp-container-content-dc435e0d dt-cr__flex-item-prevent-shrinking\" style=\"margin-left:12%\"><img decoding=\"async\" width=\"1800\" height=\"1800\" src=\"https:\/\/the7.io\/fse-business\/wp-content\/uploads\/sites\/133\/2025\/01\/imge-1x1-x001.jpg\" alt=\"\" class=\"wp-image-3977\" style=\"aspect-ratio:1;object-fit:cover\" srcset=\"https:\/\/seliztrans.es\/wp-content\/uploads\/2025\/01\/imge-1x1-x001.jpg 1800w, https:\/\/seliztrans.es\/wp-content\/uploads\/2025\/01\/imge-1x1-x001-300x300.jpg 300w, https:\/\/seliztrans.es\/wp-content\/uploads\/2025\/01\/imge-1x1-x001-1024x1024.jpg 1024w, https:\/\/seliztrans.es\/wp-content\/uploads\/2025\/01\/imge-1x1-x001-150x150.jpg 150w, https:\/\/seliztrans.es\/wp-content\/uploads\/2025\/01\/imge-1x1-x001-768x768.jpg 768w, https:\/\/seliztrans.es\/wp-content\/uploads\/2025\/01\/imge-1x1-x001-1536x1536.jpg 1536w\" sizes=\"(max-width: 1800px) 100vw, 1800px\" \/><\/figure>\n\n\n\n<figure class=\"wp-block-image size-full is-style-default wp-container-content-9cfa9a5a\"><img decoding=\"async\" width=\"1800\" height=\"1200\" src=\"https:\/\/the7.io\/fse-business\/wp-content\/uploads\/sites\/133\/2025\/01\/landsc-3x2-x222.jpg\" alt=\"\" class=\"wp-image-3969\" style=\"aspect-ratio:3\/2;object-fit:cover\" srcset=\"https:\/\/seliztrans.es\/wp-content\/uploads\/2025\/01\/landsc-3x2-x222.jpg 1800w, https:\/\/seliztrans.es\/wp-content\/uploads\/2025\/01\/landsc-3x2-x222-300x200.jpg 300w, https:\/\/seliztrans.es\/wp-content\/uploads\/2025\/01\/landsc-3x2-x222-1024x683.jpg 1024w, https:\/\/seliztrans.es\/wp-content\/uploads\/2025\/01\/landsc-3x2-x222-768x512.jpg 768w, https:\/\/seliztrans.es\/wp-content\/uploads\/2025\/01\/landsc-3x2-x222-1536x1024.jpg 1536w\" sizes=\"(max-width: 1800px) 100vw, 1800px\" \/><\/figure>\n<\/div>\n<\/div>\n<\/div>\n<\/div>\n<\/div>\n\n\n\n<div style=\"position: relative; width: 98%; max-width: 1400px; margin: 0 auto; padding-bottom: 56.25%; height: 0; overflow: hidden;\">\n  <iframe\n    src=\"https:\/\/www.google.com\/maps?q=C.+Nou+D'Octubre,+57,+03012+Alicante&#038;output=embed\"\n    style=\"position: absolute; top:0; left:0; width:100%; height:100%; border:0;\"\n    allowfullscreen=\"\"\n    loading=\"lazy\">\n  <\/iframe>\n<\/div>\n\n\n\n<div style=\"height:100px\" aria-hidden=\"true\" class=\"wp-block-spacer\"><\/div>","protected":false},"excerpt":{"rendered":"<p>\u00bfListo para comenzar? \u00a1Cont\u00e1ctenos! Ll\u00e1menos +34 622 464 846 +38 099 675 76 99 Correo electr\u00f3nico seliztrans@gmail.com Ubicaci\u00f3n C. Nou D&#8217;Octubre, 57, 03012 Alicante<\/p>","protected":false},"author":1,"featured_media":4761,"parent":0,"menu_order":700,"comment_status":"closed","ping_status":"closed","template":"wp-custom-template-canvas-with-title-3","meta":{"footnotes":""},"class_list":["post-16259","page","type-page","status-publish","has-post-thumbnail","hentry"],"_links":{"self":[{"href":"https:\/\/seliztrans.es\/ua\/wp-json\/wp\/v2\/pages\/16259","targetHints":{"allow":["GET"]}}],"collection":[{"href":"https:\/\/seliztrans.es\/ua\/wp-json\/wp\/v2\/pages"}],"about":[{"href":"https:\/\/seliztrans.es\/ua\/wp-json\/wp\/v2\/types\/page"}],"author":[{"embeddable":true,"href":"https:\/\/seliztrans.es\/ua\/wp-json\/wp\/v2\/users\/1"}],"replies":[{"embeddable":true,"href":"https:\/\/seliztrans.es\/ua\/wp-json\/wp\/v2\/comments?post=16259"}],"version-history":[{"count":17,"href":"https:\/\/seliztrans.es\/ua\/wp-json\/wp\/v2\/pages\/16259\/revisions"}],"predecessor-version":[{"id":16548,"href":"https:\/\/seliztrans.es\/ua\/wp-json\/wp\/v2\/pages\/16259\/revisions\/16548"}],"wp:featuredmedia":[{"embeddable":true,"href":"https:\/\/seliztrans.es\/ua\/wp-json\/wp\/v2\/media\/4761"}],"wp:attachment":[{"href":"https:\/\/seliztrans.es\/ua\/wp-json\/wp\/v2\/media?parent=16259"}],"curies":[{"name":"wp","href":"https:\/\/api.w.org\/{rel}","templated":true}]}}